{"id":319,"date":"2019-09-16T14:05:54","date_gmt":"2019-09-16T14:05:54","guid":{"rendered":"https:\/\/digitouest.fr\/?page_id=319"},"modified":"2019-10-15T08:50:23","modified_gmt":"2019-10-15T08:50:23","slug":"diagnostic-audit","status":"publish","type":"page","link":"https:\/\/digitouest.fr\/?page_id=319","title":{"rendered":"Diagnostic, audit"},"content":{"rendered":"\t\t<div data-elementor-type=\"wp-page\" data-elementor-id=\"319\" class=\"elementor elementor-319\">\n\t\t\t\t\t\t<section class=\"elementor-section elementor-top-section elementor-element elementor-element-f1a7939 elementor-section-boxed elementor-section-height-default elementor-section-height-default\" data-id=\"f1a7939\" data-element_type=\"section\" data-e-type=\"section\">\n\t\t\t\t\t\t<div class=\"elementor-container elementor-column-gap-default\">\n\t\t\t\t\t<div class=\"elementor-column elementor-col-100 elementor-top-column elementor-element elementor-element-1f7e225b\" data-id=\"1f7e225b\" data-element_type=\"column\" data-e-type=\"column\">\n\t\t\t<div class=\"elementor-widget-wrap elementor-element-populated\">\n\t\t\t\t\t\t<div class=\"elementor-element elementor-element-a7df1d4 elementor-widget elementor-widget-image\" data-id=\"a7df1d4\" data-element_type=\"widget\" data-e-type=\"widget\" data-widget_type=\"image.default\">\n\t\t\t\t<div class=\"elementor-widget-container\">\n\t\t\t\t\t\t\t\t\t\t\t\t<figure class=\"wp-caption\">\n\t\t\t\t\t\t\t\t\t\t<img fetchpriority=\"high\" decoding=\"async\" width=\"4000\" height=\"2679\" src=\"https:\/\/digitouest.fr\/wp-content\/uploads\/2019\/09\/Diagnostic.jpg\" class=\"attachment-full size-full wp-image-397\" alt=\"\" srcset=\"https:\/\/digitouest.fr\/wp-content\/uploads\/2019\/09\/Diagnostic.jpg 4000w, https:\/\/digitouest.fr\/wp-content\/uploads\/2019\/09\/Diagnostic-300x201.jpg 300w, https:\/\/digitouest.fr\/wp-content\/uploads\/2019\/09\/Diagnostic-768x514.jpg 768w, https:\/\/digitouest.fr\/wp-content\/uploads\/2019\/09\/Diagnostic-1024x686.jpg 1024w\" sizes=\"(max-width: 4000px) 100vw, 4000px\" \/>\t\t\t\t\t\t\t\t\t\t\t<figcaption class=\"widget-image-caption wp-caption-text\">Diagnostic personnalis\u00e9<\/figcaption>\n\t\t\t\t\t\t\t\t\t\t<\/figure>\n\t\t\t\t\t\t\t\t\t<\/div>\n\t\t\t\t<\/div>\n\t\t\t\t\t<\/div>\n\t\t<\/div>\n\t\t\t\t\t<\/div>\n\t\t<\/section>\n\t\t\t\t<section class=\"elementor-section elementor-top-section elementor-element elementor-element-704a3d3 elementor-section-boxed elementor-section-height-default elementor-section-height-default\" data-id=\"704a3d3\" data-element_type=\"section\" data-e-type=\"section\">\n\t\t\t\t\t\t<div class=\"elementor-container elementor-column-gap-default\">\n\t\t\t\t\t<div class=\"elementor-column elementor-col-100 elementor-top-column elementor-element elementor-element-e797dcc\" data-id=\"e797dcc\" data-element_type=\"column\" data-e-type=\"column\">\n\t\t\t<div class=\"elementor-widget-wrap elementor-element-populated\">\n\t\t\t\t\t\t<div class=\"elementor-element elementor-element-45f95da elementor-widget elementor-widget-heading\" data-id=\"45f95da\" data-element_type=\"widget\" data-e-type=\"widget\" data-widget_type=\"heading.default\">\n\t\t\t\t<div class=\"elementor-widget-container\">\n\t\t\t\t\t<h2 class=\"elementor-heading-title elementor-size-default\">Diagnostic, audit<\/h2>\t\t\t\t<\/div>\n\t\t\t\t<\/div>\n\t\t\t\t\t<\/div>\n\t\t<\/div>\n\t\t\t\t\t<\/div>\n\t\t<\/section>\n\t\t\t\t<section class=\"elementor-section elementor-top-section elementor-element elementor-element-6779e72 elementor-section-boxed elementor-section-height-default elementor-section-height-default\" data-id=\"6779e72\" data-element_type=\"section\" data-e-type=\"section\">\n\t\t\t\t\t\t<div class=\"elementor-container elementor-column-gap-default\">\n\t\t\t\t\t<div class=\"elementor-column elementor-col-100 elementor-top-column elementor-element elementor-element-c78d4a2\" data-id=\"c78d4a2\" data-element_type=\"column\" data-e-type=\"column\">\n\t\t\t<div class=\"elementor-widget-wrap elementor-element-populated\">\n\t\t\t\t\t\t<div class=\"elementor-element elementor-element-3250412 elementor-widget elementor-widget-text-editor\" data-id=\"3250412\" data-element_type=\"widget\" data-e-type=\"widget\" data-widget_type=\"text-editor.default\">\n\t\t\t\t<div class=\"elementor-widget-container\">\n\t\t\t\t\t\t\t\t\t<p>Vous \u00eates dirigeants, ou membre d&#8217;une direction fonctionnelle et op\u00e9rationnelle d\u2019entreprise industrielle ou commerciale, la transformation num\u00e9rique s\u2019inscrit d\u00e9sormais comme votre nouvel enjeu strat\u00e9gique, mais vous ne savez pas comment l&#8217;aborder ?<\/p>\n<p>Nous sommes l\u00e0 pour vous accompagner dans cette transformation. Nous commencerons par r\u00e9aliser un diagnostic complet pour conna\u00eetre la maturit\u00e9 num\u00e9rique de votre \u00e9tablissement et cela afin de vous proposez un plan d\u2019action.\u00a0<strong>Notre objectif commun, amorcer et\/ou acc\u00e9l\u00e9rer votre transformation num\u00e9rique.<\/strong><\/p>\t\t\t\t\t\t\t\t<\/div>\n\t\t\t\t<\/div>\n\t\t\t\t\t<\/div>\n\t\t<\/div>\n\t\t\t\t\t<\/div>\n\t\t<\/section>\n\t\t\t\t<section class=\"elementor-section elementor-top-section elementor-element elementor-element-1d7138b elementor-section-boxed elementor-section-height-default elementor-section-height-default\" data-id=\"1d7138b\" data-element_type=\"section\" data-e-type=\"section\">\n\t\t\t\t\t\t<div class=\"elementor-container elementor-column-gap-default\">\n\t\t\t\t\t<div class=\"elementor-column elementor-col-100 elementor-top-column elementor-element elementor-element-c48d639\" data-id=\"c48d639\" data-element_type=\"column\" data-e-type=\"column\">\n\t\t\t<div class=\"elementor-widget-wrap elementor-element-populated\">\n\t\t\t\t\t\t<div class=\"elementor-element elementor-element-09810fa elementor-widget elementor-widget-heading\" data-id=\"09810fa\" data-element_type=\"widget\" data-e-type=\"widget\" data-widget_type=\"heading.default\">\n\t\t\t\t<div class=\"elementor-widget-container\">\n\t\t\t\t\t<h3 class=\"elementor-heading-title elementor-size-default\">Qu'est-ce qu'un diagnostic?<\/h3>\t\t\t\t<\/div>\n\t\t\t\t<\/div>\n\t\t\t\t\t<\/div>\n\t\t<\/div>\n\t\t\t\t\t<\/div>\n\t\t<\/section>\n\t\t\t\t<section class=\"elementor-section elementor-top-section elementor-element elementor-element-2c8687d elementor-section-boxed elementor-section-height-default elementor-section-height-default\" data-id=\"2c8687d\" data-element_type=\"section\" data-e-type=\"section\">\n\t\t\t\t\t\t<div class=\"elementor-container elementor-column-gap-default\">\n\t\t\t\t\t<div class=\"elementor-column elementor-col-100 elementor-top-column elementor-element elementor-element-ebcf453\" data-id=\"ebcf453\" data-element_type=\"column\" data-e-type=\"column\">\n\t\t\t<div class=\"elementor-widget-wrap elementor-element-populated\">\n\t\t\t\t\t\t<div class=\"elementor-element elementor-element-60a00f4 elementor-widget elementor-widget-text-editor\" data-id=\"60a00f4\" data-element_type=\"widget\" data-e-type=\"widget\" data-widget_type=\"text-editor.default\">\n\t\t\t\t<div class=\"elementor-widget-container\">\n\t\t\t\t\t\t\t\t\t<p>Un diagnostic est une \u00e9valuation cibl\u00e9e vous permettant d\u2019avoir une meilleure vision du positionnement et du fonctionnement de vos services ou de votre entreprise. Il s&#8217;agit \u00e9galement de mesurer la maturit\u00e9 des solutions num\u00e9riques existantes, de recenser leurs utilisations, de r\u00e9pertorier les dysfonctionnements \u00e9ventuels et les axes d\u2019am\u00e9lioration \u00e0 mettre en oeuvre pour r\u00e9pondre \u00e0 vos objectifs. Nous mettons en corr\u00e9lation les r\u00e9sultats et vos besoins initialement d\u00e9finis pour <strong>\u00e9laborer un plan d&#8217;action<\/strong><\/p>\t\t\t\t\t\t\t\t<\/div>\n\t\t\t\t<\/div>\n\t\t\t\t\t<\/div>\n\t\t<\/div>\n\t\t\t\t\t<\/div>\n\t\t<\/section>\n\t\t\t\t<section class=\"elementor-section elementor-top-section elementor-element elementor-element-a9f358a elementor-section-boxed elementor-section-height-default elementor-section-height-default\" data-id=\"a9f358a\" data-element_type=\"section\" data-e-type=\"section\">\n\t\t\t\t\t\t<div class=\"elementor-container elementor-column-gap-default\">\n\t\t\t\t\t<div class=\"elementor-column elementor-col-100 elementor-top-column elementor-element elementor-element-a8d7a93\" data-id=\"a8d7a93\" data-element_type=\"column\" data-e-type=\"column\">\n\t\t\t<div class=\"elementor-widget-wrap elementor-element-populated\">\n\t\t\t\t\t\t<div class=\"elementor-element elementor-element-7cbf4cf elementor-widget elementor-widget-heading\" data-id=\"7cbf4cf\" data-element_type=\"widget\" data-e-type=\"widget\" data-widget_type=\"heading.default\">\n\t\t\t\t<div class=\"elementor-widget-container\">\n\t\t\t\t\t<h3 class=\"elementor-heading-title elementor-size-default\">Comment intervient DigitOuest?<\/h3>\t\t\t\t<\/div>\n\t\t\t\t<\/div>\n\t\t\t\t\t<\/div>\n\t\t<\/div>\n\t\t\t\t\t<\/div>\n\t\t<\/section>\n\t\t\t\t<section class=\"elementor-section elementor-top-section elementor-element elementor-element-960e963 elementor-section-boxed elementor-section-height-default elementor-section-height-default\" data-id=\"960e963\" data-element_type=\"section\" data-e-type=\"section\">\n\t\t\t\t\t\t<div class=\"elementor-container elementor-column-gap-default\">\n\t\t\t\t\t<div class=\"elementor-column elementor-col-100 elementor-top-column elementor-element elementor-element-3d783cb\" data-id=\"3d783cb\" data-element_type=\"column\" data-e-type=\"column\">\n\t\t\t<div class=\"elementor-widget-wrap elementor-element-populated\">\n\t\t\t\t\t\t\t<\/div>\n\t\t<\/div>\n\t\t\t\t\t<\/div>\n\t\t<\/section>\n\t\t\t\t<section class=\"elementor-section elementor-top-section elementor-element elementor-element-e3a4662 elementor-section-boxed elementor-section-height-default elementor-section-height-default\" data-id=\"e3a4662\" data-element_type=\"section\" data-e-type=\"section\">\n\t\t\t\t\t\t<div class=\"elementor-container elementor-column-gap-default\">\n\t\t\t\t\t<div class=\"elementor-column elementor-col-100 elementor-top-column elementor-element elementor-element-e21740f\" data-id=\"e21740f\" data-element_type=\"column\" data-e-type=\"column\">\n\t\t\t<div class=\"elementor-widget-wrap elementor-element-populated\">\n\t\t\t\t\t\t<div class=\"elementor-element elementor-element-11c5c62 elementor-widget elementor-widget-text-editor\" data-id=\"11c5c62\" data-element_type=\"widget\" data-e-type=\"widget\" data-widget_type=\"text-editor.default\">\n\t\t\t\t<div class=\"elementor-widget-container\">\n\t\t\t\t\t\t\t\t\t<p><strong>Nous intervenons au sein de votre entreprise sans perturber votre fonctionnement<\/strong>. Nous \u00e9valuons la maturit\u00e9 digitale de votre structure gr\u00e2ce \u00e0 un diagnostic 360\u00b0, nous mesurons l&#8217;agilit\u00e9 digitale de vos collaborateurs pour les accompagner dans la transformation de leur m\u00e9tier. Nous disposons de diff\u00e9rents outils. L&#8217;objectif est, entre autres, d&#8217;am\u00e9liorer la coordination des services dans l\u2019utilisation des solutions num\u00e9riques.<\/p>\t\t\t\t\t\t\t\t<\/div>\n\t\t\t\t<\/div>\n\t\t\t\t\t<\/div>\n\t\t<\/div>\n\t\t\t\t\t<\/div>\n\t\t<\/section>\n\t\t\t\t<section class=\"elementor-section elementor-top-section elementor-element elementor-element-4ee8fbb elementor-section-boxed elementor-section-height-default elementor-section-height-default\" data-id=\"4ee8fbb\" data-element_type=\"section\" data-e-type=\"section\">\n\t\t\t\t\t\t<div class=\"elementor-container elementor-column-gap-default\">\n\t\t\t\t\t<div class=\"elementor-column elementor-col-100 elementor-top-column elementor-element elementor-element-5425b33\" data-id=\"5425b33\" data-element_type=\"column\" data-e-type=\"column\">\n\t\t\t<div class=\"elementor-widget-wrap elementor-element-populated\">\n\t\t\t\t\t\t<div class=\"elementor-element elementor-element-857b573 elementor-widget elementor-widget-heading\" data-id=\"857b573\" data-element_type=\"widget\" data-e-type=\"widget\" data-widget_type=\"heading.default\">\n\t\t\t\t<div class=\"elementor-widget-container\">\n\t\t\t\t\t<h3 class=\"elementor-heading-title elementor-size-default\">Le diagnostic r\u00e9alis\u00e9, et la suite?<\/h3>\t\t\t\t<\/div>\n\t\t\t\t<\/div>\n\t\t\t\t\t<\/div>\n\t\t<\/div>\n\t\t\t\t\t<\/div>\n\t\t<\/section>\n\t\t\t\t<section class=\"elementor-section elementor-top-section elementor-element elementor-element-673684f elementor-section-boxed elementor-section-height-default elementor-section-height-default\" data-id=\"673684f\" data-element_type=\"section\" data-e-type=\"section\">\n\t\t\t\t\t\t<div class=\"elementor-container elementor-column-gap-default\">\n\t\t\t\t\t<div class=\"elementor-column elementor-col-100 elementor-top-column elementor-element elementor-element-acf616a\" data-id=\"acf616a\" data-element_type=\"column\" data-e-type=\"column\">\n\t\t\t<div class=\"elementor-widget-wrap elementor-element-populated\">\n\t\t\t\t\t\t<div class=\"elementor-element elementor-element-25a263d elementor-widget elementor-widget-text-editor\" data-id=\"25a263d\" data-element_type=\"widget\" data-e-type=\"widget\" data-widget_type=\"text-editor.default\">\n\t\t\t\t<div class=\"elementor-widget-container\">\n\t\t\t\t\t\t\t\t\t<p>A la suite de cette mesure nous \u00e9tablissons des <strong>pr\u00e9conisations<\/strong> avec une feuille de route pr\u00e9sentant les solutions \u00e0 mettre en oeuvre selon un s\u00e9quencement progressif, \u00e9volutif en priorisant les projets identifi\u00e9s. Nos Chefs de projet sont en mesure de vous accompagner pour d\u00e9velopper l\u2019ensemble des solutions num\u00e9riques pr\u00e9conis\u00e9es.<\/p><p><strong>DigitOuest vous accompagne dans cette d\u00e9marche, nous r\u00e9alisons le diagnostic de votre structure et construisons ensemble vos plans d&#8217;actions.<\/strong><\/p>\t\t\t\t\t\t\t\t<\/div>\n\t\t\t\t<\/div>\n\t\t\t\t<div class=\"elementor-element elementor-element-f73aee9 elementor-button-info elementor-align-center elementor-widget elementor-widget-button\" data-id=\"f73aee9\" data-element_type=\"widget\" data-e-type=\"widget\" data-widget_type=\"button.default\">\n\t\t\t\t<div class=\"elementor-widget-container\">\n\t\t\t\t\t\t\t\t\t<div class=\"elementor-button-wrapper\">\n\t\t\t\t\t<a class=\"elementor-button elementor-button-link elementor-size-sm\" href=\"https:\/\/digitouest.fr\/?page_id=257(ouvre%20un%20nouvel%20onglet)\">\n\t\t\t\t\t\t<span class=\"elementor-button-content-wrapper\">\n\t\t\t\t\t\t\t\t\t<span class=\"elementor-button-text\">Contactez-nous<\/span>\n\t\t\t\t\t<\/span>\n\t\t\t\t\t<\/a>\n\t\t\t\t<\/div>\n\t\t\t\t\t\t\t\t<\/div>\n\t\t\t\t<\/div>\n\t\t\t\t\t<\/div>\n\t\t<\/div>\n\t\t\t\t\t<\/div>\n\t\t<\/section>\n\t\t\t\t<\/div>\n\t\t","protected":false},"excerpt":{"rendered":"<p>Diagnostic personnalis\u00e9 Diagnostic, audit Vous \u00eates dirigeants, ou membre d&#8217;une direction fonctionnelle et op\u00e9rationnelle d\u2019entreprise industrielle ou commerciale, la transformation num\u00e9rique s\u2019inscrit d\u00e9sormais comme votre nouvel enjeu strat\u00e9gique, mais vous ne savez pas comment l&#8217;aborder ? Nous sommes l\u00e0 pour vous accompagner dans cette transformation. Nous commencerons par r\u00e9aliser un diagnostic complet pour conna\u00eetre la [&hellip;]<\/p>\n","protected":false},"author":1,"featured_media":0,"parent":0,"menu_order":0,"comment_status":"closed","ping_status":"closed","template":"","meta":{"ngg_post_thumbnail":0,"footnotes":""},"class_list":["post-319","page","type-page","status-publish","hentry"],"_links":{"self":[{"href":"https:\/\/digitouest.fr\/index.php?rest_route=\/wp\/v2\/pages\/319","targetHints":{"allow":["GET"]}}],"collection":[{"href":"https:\/\/digitouest.fr\/index.php?rest_route=\/wp\/v2\/pages"}],"about":[{"href":"https:\/\/digitouest.fr\/index.php?rest_route=\/wp\/v2\/types\/page"}],"author":[{"embeddable":true,"href":"https:\/\/digitouest.fr\/index.php?rest_route=\/wp\/v2\/users\/1"}],"replies":[{"embeddable":true,"href":"https:\/\/digitouest.fr\/index.php?rest_route=%2Fwp%2Fv2%2Fcomments&post=319"}],"version-history":[{"count":34,"href":"https:\/\/digitouest.fr\/index.php?rest_route=\/wp\/v2\/pages\/319\/revisions"}],"predecessor-version":[{"id":517,"href":"https:\/\/digitouest.fr\/index.php?rest_route=\/wp\/v2\/pages\/319\/revisions\/517"}],"wp:attachment":[{"href":"https:\/\/digitouest.fr\/index.php?rest_route=%2Fwp%2Fv2%2Fmedia&parent=319"}],"curies":[{"name":"wp","href":"https:\/\/api.w.org\/{rel}","templated":true}]}}