{"id":521,"date":"2019-10-15T16:36:09","date_gmt":"2019-10-15T16:36:09","guid":{"rendered":"https:\/\/digitouest.fr\/?page_id=521"},"modified":"2019-10-16T12:38:22","modified_gmt":"2019-10-16T12:38:22","slug":"reseau-social-dentreprise","status":"publish","type":"page","link":"https:\/\/digitouest.fr\/?page_id=521","title":{"rendered":"R\u00e9seau Social d&#8217;Entreprise"},"content":{"rendered":"\t\t<div data-elementor-type=\"wp-page\" data-elementor-id=\"521\" class=\"elementor elementor-521\">\n\t\t\t\t\t\t<section class=\"elementor-section elementor-top-section elementor-element elementor-element-dd177d6 elementor-section-boxed elementor-section-height-default elementor-section-height-default\" data-id=\"dd177d6\" data-element_type=\"section\" data-e-type=\"section\">\n\t\t\t\t\t\t<div class=\"elementor-container elementor-column-gap-default\">\n\t\t\t\t\t<div class=\"elementor-column elementor-col-100 elementor-top-column elementor-element elementor-element-fa7babd\" data-id=\"fa7babd\" data-element_type=\"column\" data-e-type=\"column\">\n\t\t\t<div class=\"elementor-widget-wrap elementor-element-populated\">\n\t\t\t\t\t\t<div class=\"elementor-element elementor-element-f3b66da elementor-widget elementor-widget-heading\" data-id=\"f3b66da\" data-element_type=\"widget\" data-e-type=\"widget\" data-widget_type=\"heading.default\">\n\t\t\t\t<div class=\"elementor-widget-container\">\n\t\t\t\t\t<h2 class=\"elementor-heading-title elementor-size-default\">R\u00e9seau Social d'Entreprise<br>  <\/h2>\t\t\t\t<\/div>\n\t\t\t\t<\/div>\n\t\t\t\t\t<\/div>\n\t\t<\/div>\n\t\t\t\t\t<\/div>\n\t\t<\/section>\n\t\t\t\t<section class=\"elementor-section elementor-top-section elementor-element elementor-element-bccc865 elementor-section-boxed elementor-section-height-default elementor-section-height-default\" data-id=\"bccc865\" data-element_type=\"section\" data-e-type=\"section\">\n\t\t\t\t\t\t<div class=\"elementor-container elementor-column-gap-default\">\n\t\t\t\t\t<div class=\"elementor-column elementor-col-100 elementor-top-column elementor-element elementor-element-d87b547\" data-id=\"d87b547\" data-element_type=\"column\" data-e-type=\"column\">\n\t\t\t<div class=\"elementor-widget-wrap elementor-element-populated\">\n\t\t\t\t\t\t<div class=\"elementor-element elementor-element-7c0e023 elementor-widget elementor-widget-image\" data-id=\"7c0e023\" data-element_type=\"widget\" data-e-type=\"widget\" data-widget_type=\"image.default\">\n\t\t\t\t<div class=\"elementor-widget-container\">\n\t\t\t\t\t\t\t\t\t\t\t\t\t\t\t<img fetchpriority=\"high\" decoding=\"async\" width=\"421\" height=\"300\" src=\"https:\/\/digitouest.fr\/wp-content\/uploads\/2019\/10\/reseaux-sociaux-entreprise.jpg\" class=\"attachment-large size-large wp-image-523\" alt=\"\" srcset=\"https:\/\/digitouest.fr\/wp-content\/uploads\/2019\/10\/reseaux-sociaux-entreprise.jpg 421w, https:\/\/digitouest.fr\/wp-content\/uploads\/2019\/10\/reseaux-sociaux-entreprise-300x214.jpg 300w\" sizes=\"(max-width: 421px) 100vw, 421px\" \/>\t\t\t\t\t\t\t\t\t\t\t\t\t\t\t<\/div>\n\t\t\t\t<\/div>\n\t\t\t\t\t<\/div>\n\t\t<\/div>\n\t\t\t\t\t<\/div>\n\t\t<\/section>\n\t\t\t\t<section class=\"elementor-section elementor-top-section elementor-element elementor-element-31d0d25 elementor-section-boxed elementor-section-height-default elementor-section-height-default\" data-id=\"31d0d25\" data-element_type=\"section\" data-e-type=\"section\">\n\t\t\t\t\t\t<div class=\"elementor-container elementor-column-gap-default\">\n\t\t\t\t\t<div class=\"elementor-column elementor-col-100 elementor-top-column elementor-element elementor-element-3cc47a8\" data-id=\"3cc47a8\" data-element_type=\"column\" data-e-type=\"column\">\n\t\t\t<div class=\"elementor-widget-wrap elementor-element-populated\">\n\t\t\t\t\t\t<div class=\"elementor-element elementor-element-6eb734c elementor-widget elementor-widget-text-editor\" data-id=\"6eb734c\" data-element_type=\"widget\" data-e-type=\"widget\" data-widget_type=\"text-editor.default\">\n\t\t\t\t<div class=\"elementor-widget-container\">\n\t\t\t\t\t\t\t\t\t<p>\u00a0<\/p><p>Le R\u00e9seau Social d&#8217;Entreprise ou RSE se d\u00e9mocratise au sein des ETI, il fait son apparition au sein des PME\/TPE qui s&#8217;inscrivent dans la d\u00e9marche de la transformation num\u00e9rique.<\/p>\t\t\t\t\t\t\t\t<\/div>\n\t\t\t\t<\/div>\n\t\t\t\t\t<\/div>\n\t\t<\/div>\n\t\t\t\t\t<\/div>\n\t\t<\/section>\n\t\t\t\t<section class=\"elementor-section elementor-top-section elementor-element elementor-element-f74042c elementor-section-boxed elementor-section-height-default elementor-section-height-default\" data-id=\"f74042c\" data-element_type=\"section\" data-e-type=\"section\">\n\t\t\t\t\t\t<div class=\"elementor-container elementor-column-gap-default\">\n\t\t\t\t\t<div class=\"elementor-column elementor-col-100 elementor-top-column elementor-element elementor-element-1df60ef\" data-id=\"1df60ef\" data-element_type=\"column\" data-e-type=\"column\">\n\t\t\t<div class=\"elementor-widget-wrap elementor-element-populated\">\n\t\t\t\t\t\t<div class=\"elementor-element elementor-element-4d751b4 elementor-widget elementor-widget-heading\" data-id=\"4d751b4\" data-element_type=\"widget\" data-e-type=\"widget\" data-widget_type=\"heading.default\">\n\t\t\t\t<div class=\"elementor-widget-container\">\n\t\t\t\t\t<h3 class=\"elementor-heading-title elementor-size-default\">Qu'est-ce qu'un R\u00e9seau Social d'Entreprise ?<\/h3>\t\t\t\t<\/div>\n\t\t\t\t<\/div>\n\t\t\t\t\t<\/div>\n\t\t<\/div>\n\t\t\t\t\t<\/div>\n\t\t<\/section>\n\t\t\t\t<section class=\"elementor-section elementor-top-section elementor-element elementor-element-7713892 elementor-section-boxed elementor-section-height-default elementor-section-height-default\" data-id=\"7713892\" data-element_type=\"section\" data-e-type=\"section\">\n\t\t\t\t\t\t<div class=\"elementor-container elementor-column-gap-default\">\n\t\t\t\t\t<div class=\"elementor-column elementor-col-100 elementor-top-column elementor-element elementor-element-c9a4ec2\" data-id=\"c9a4ec2\" data-element_type=\"column\" data-e-type=\"column\">\n\t\t\t<div class=\"elementor-widget-wrap elementor-element-populated\">\n\t\t\t\t\t\t<div class=\"elementor-element elementor-element-734d159 elementor-widget elementor-widget-text-editor\" data-id=\"734d159\" data-element_type=\"widget\" data-e-type=\"widget\" data-widget_type=\"text-editor.default\">\n\t\t\t\t<div class=\"elementor-widget-container\">\n\t\t\t\t\t\t\t\t\t<p>Un R\u00e9seau Social d&#8217;Entreprise est un syst\u00e8me de communication, un lieu d&#8217;\u00e9change interne accessible avant tout aux salari\u00e9es d&#8217;une entreprise. Son objectif est de faciliter la communication entre les personnes et\/ou groupe de personnes au travers de fonctionnalit\u00e9s dites &#8220;sociales&#8221;. Il facilite les \u00e9changes entre service, il s&#8217;agit d&#8217;un outil de communication transversal. Ce syst\u00e8me est assez proche des r\u00e9seaux sociaux traditionnels. Il est en revanche diff\u00e9rent d&#8217;un extranet.\u00a0<\/p><p>Outre le fait qu&#8217;un R\u00e9seau Social d&#8217;Entreprise facilite la communication, il permet \u00e9galement de partager des documents, de communiquer avec l&#8217;ensemble des personnes ayant acc\u00e8s au r\u00e9seau ou de mani\u00e8re individuelle sous forme de messagerie instantan\u00e9e.<\/p>\t\t\t\t\t\t\t\t<\/div>\n\t\t\t\t<\/div>\n\t\t\t\t\t<\/div>\n\t\t<\/div>\n\t\t\t\t\t<\/div>\n\t\t<\/section>\n\t\t\t\t<section class=\"elementor-section elementor-top-section elementor-element elementor-element-980c26a elementor-section-boxed elementor-section-height-default elementor-section-height-default\" data-id=\"980c26a\" data-element_type=\"section\" data-e-type=\"section\">\n\t\t\t\t\t\t<div class=\"elementor-container elementor-column-gap-default\">\n\t\t\t\t\t<div class=\"elementor-column elementor-col-100 elementor-top-column elementor-element elementor-element-c07bfdf\" data-id=\"c07bfdf\" data-element_type=\"column\" data-e-type=\"column\">\n\t\t\t<div class=\"elementor-widget-wrap elementor-element-populated\">\n\t\t\t\t\t\t<div class=\"elementor-element elementor-element-fd658f4 elementor-widget elementor-widget-heading\" data-id=\"fd658f4\" data-element_type=\"widget\" data-e-type=\"widget\" data-widget_type=\"heading.default\">\n\t\t\t\t<div class=\"elementor-widget-container\">\n\t\t\t\t\t<h3 class=\"elementor-heading-title elementor-size-default\">Les avantages d'un R\u00e9seau Social d'Entreprise<\/h3>\t\t\t\t<\/div>\n\t\t\t\t<\/div>\n\t\t\t\t\t<\/div>\n\t\t<\/div>\n\t\t\t\t\t<\/div>\n\t\t<\/section>\n\t\t\t\t<section class=\"elementor-section elementor-top-section elementor-element elementor-element-02765d4 elementor-section-boxed elementor-section-height-default elementor-section-height-default\" data-id=\"02765d4\" data-element_type=\"section\" data-e-type=\"section\">\n\t\t\t\t\t\t<div class=\"elementor-container elementor-column-gap-default\">\n\t\t\t\t\t<div class=\"elementor-column elementor-col-100 elementor-top-column elementor-element elementor-element-57889e1\" data-id=\"57889e1\" data-element_type=\"column\" data-e-type=\"column\">\n\t\t\t<div class=\"elementor-widget-wrap elementor-element-populated\">\n\t\t\t\t\t\t<div class=\"elementor-element elementor-element-a4ca99e elementor-widget elementor-widget-text-editor\" data-id=\"a4ca99e\" data-element_type=\"widget\" data-e-type=\"widget\" data-widget_type=\"text-editor.default\">\n\t\t\t\t<div class=\"elementor-widget-container\">\n\t\t\t\t\t\t\t\t\t<p>Les b\u00e9n\u00e9fices recens\u00e9s pour les R\u00e9seaux Sociaux d&#8217;Entreprise sont tr\u00e8s nombreux et ce quelque soit votre domaine d&#8217;activit\u00e9. D&#8217;abord une am\u00e9lioration de la productivit\u00e9, il permet \u00e9galement de partager les connaissances, la disponibilit\u00e9 des ressources communes de l&#8217;entreprise. Sur le plan manag\u00e9rial il peut servir \u00e0 f\u00e9d\u00e9rer, \u00e0 cr\u00e9er du lien, \u00e0 personnaliser les \u00e9changes, \u00e0 r\u00e9duire consid\u00e9rablement le nombre de mails&#8230;<\/p><p>D&#8217;autre part le RSE favorise le sentiment d&#8217;appartenance \u00e0 une communaut\u00e9, il renforce ainsi l&#8217;implication des salari\u00e9s. Dans un univers ou l&#8217;intelligence collective prime le R\u00e9seau Social d&#8217;Entreprise est un tr\u00e8s bon support. Pour celles et ceux qui ne sont pas familiers avec ce type d&#8217;outil, plusieurs applications sur le march\u00e9 sont relativement intuitives, la prise en main est tr\u00e8s accessible.\u00a0<\/p>\t\t\t\t\t\t\t\t<\/div>\n\t\t\t\t<\/div>\n\t\t\t\t\t<\/div>\n\t\t<\/div>\n\t\t\t\t\t<\/div>\n\t\t<\/section>\n\t\t\t\t<section class=\"elementor-section elementor-top-section elementor-element elementor-element-73cdeac elementor-section-boxed elementor-section-height-default elementor-section-height-default\" data-id=\"73cdeac\" data-element_type=\"section\" data-e-type=\"section\">\n\t\t\t\t\t\t<div class=\"elementor-container elementor-column-gap-default\">\n\t\t\t\t\t<div class=\"elementor-column elementor-col-100 elementor-top-column elementor-element elementor-element-97b8881\" data-id=\"97b8881\" data-element_type=\"column\" data-e-type=\"column\">\n\t\t\t<div class=\"elementor-widget-wrap elementor-element-populated\">\n\t\t\t\t\t\t<div class=\"elementor-element elementor-element-4a07735 elementor-widget elementor-widget-heading\" data-id=\"4a07735\" data-element_type=\"widget\" data-e-type=\"widget\" data-widget_type=\"heading.default\">\n\t\t\t\t<div class=\"elementor-widget-container\">\n\t\t\t\t\t<h3 class=\"elementor-heading-title elementor-size-default\">Les fonctionnalit\u00e9s d'un R\u00e9seau Social d'Entreprise<\/h3>\t\t\t\t<\/div>\n\t\t\t\t<\/div>\n\t\t\t\t\t<\/div>\n\t\t<\/div>\n\t\t\t\t\t<\/div>\n\t\t<\/section>\n\t\t\t\t<section class=\"elementor-section elementor-top-section elementor-element elementor-element-9e5e203 elementor-section-boxed elementor-section-height-default elementor-section-height-default\" data-id=\"9e5e203\" data-element_type=\"section\" data-e-type=\"section\">\n\t\t\t\t\t\t<div class=\"elementor-container elementor-column-gap-default\">\n\t\t\t\t\t<div class=\"elementor-column elementor-col-100 elementor-top-column elementor-element elementor-element-585b55a\" data-id=\"585b55a\" data-element_type=\"column\" data-e-type=\"column\">\n\t\t\t<div class=\"elementor-widget-wrap elementor-element-populated\">\n\t\t\t\t\t\t<div class=\"elementor-element elementor-element-6798334 elementor-widget elementor-widget-text-editor\" data-id=\"6798334\" data-element_type=\"widget\" data-e-type=\"widget\" data-widget_type=\"text-editor.default\">\n\t\t\t\t<div class=\"elementor-widget-container\">\n\t\t\t\t\t\t\t\t\t<p>Gr\u00e2ce \u00e0 des outils et \u00e0 des solutions performantes, il existe de nombreuses fonctionnalit\u00e9s communes aux diff\u00e9rents R\u00e9seaux Sociaux d&#8217;Entreprise:<\/p><ul style=\"list-style-type: disc;\"><li>Un profil individuel pour chaque membre<\/li><li>Un organigramme dynamique de la soci\u00e9t\u00e9<\/li><li>Une gestion de projet<\/li><li>Cr\u00e9er des groupes de travail r\u00e9serv\u00e9s exclusivement aux personnes qui travaillent sur le projet<\/li><li>Une gestion de groupes<\/li><li>Un syst\u00e8me de messagerie instantan\u00e9e<\/li><li>Des fonctions de partage de fichiers<\/li><li>La possibilit\u00e9 de partager certaines informations en dehors de l&#8217;entreprise<\/li><\/ul><p>Cette liste de fonctionnalit\u00e9s est non exhaustive. Une \u00e9tude d\u00e9taill\u00e9e de vos souhaits d&#8217;utilisation nous permettra de d\u00e9finir l&#8217;application qui sera en ad\u00e9quation avec vos besoins.<\/p>\t\t\t\t\t\t\t\t<\/div>\n\t\t\t\t<\/div>\n\t\t\t\t\t<\/div>\n\t\t<\/div>\n\t\t\t\t\t<\/div>\n\t\t<\/section>\n\t\t\t\t<section class=\"elementor-section elementor-top-section elementor-element elementor-element-9181c36 elementor-section-boxed elementor-section-height-default elementor-section-height-default\" data-id=\"9181c36\" data-element_type=\"section\" data-e-type=\"section\">\n\t\t\t\t\t\t<div class=\"elementor-container elementor-column-gap-default\">\n\t\t\t\t\t<div class=\"elementor-column elementor-col-100 elementor-top-column elementor-element elementor-element-58d6922\" data-id=\"58d6922\" data-element_type=\"column\" data-e-type=\"column\">\n\t\t\t<div class=\"elementor-widget-wrap elementor-element-populated\">\n\t\t\t\t\t\t<div class=\"elementor-element elementor-element-db95662 elementor-widget elementor-widget-heading\" data-id=\"db95662\" data-element_type=\"widget\" data-e-type=\"widget\" data-widget_type=\"heading.default\">\n\t\t\t\t<div class=\"elementor-widget-container\">\n\t\t\t\t\t<h3 class=\"elementor-heading-title elementor-size-default\">Les obligations l\u00e9gales d'un R\u00e9seau Social d'Entreprise<\/h3>\t\t\t\t<\/div>\n\t\t\t\t<\/div>\n\t\t\t\t\t<\/div>\n\t\t<\/div>\n\t\t\t\t\t<\/div>\n\t\t<\/section>\n\t\t\t\t<section class=\"elementor-section elementor-top-section elementor-element elementor-element-927e58b elementor-section-boxed elementor-section-height-default elementor-section-height-default\" data-id=\"927e58b\" data-element_type=\"section\" data-e-type=\"section\">\n\t\t\t\t\t\t<div class=\"elementor-container elementor-column-gap-default\">\n\t\t\t\t\t<div class=\"elementor-column elementor-col-100 elementor-top-column elementor-element elementor-element-1d667f8\" data-id=\"1d667f8\" data-element_type=\"column\" data-e-type=\"column\">\n\t\t\t<div class=\"elementor-widget-wrap elementor-element-populated\">\n\t\t\t\t\t\t<div class=\"elementor-element elementor-element-7ae57c1 elementor-widget elementor-widget-text-editor\" data-id=\"7ae57c1\" data-element_type=\"widget\" data-e-type=\"widget\" data-widget_type=\"text-editor.default\">\n\t\t\t\t<div class=\"elementor-widget-container\">\n\t\t\t\t\t\t\t\t\t<p>Le r\u00e9seau Social d&#8217;Entreprise intervient dans un cadre l\u00e9gal et suivant la taille de votre entreprise il peut \u00eatre soumis \u00e0 l&#8217;approbation ou \u00e0 la consultation de diff\u00e9rentes instances. Juridiquement r\u00e9glement\u00e9, il doit r\u00e9pondre \u00e0 une obligation de transparence.<\/p><ul style=\"list-style-type: disc;\"><li>Obligation d&#8217;information et de consultation des instances repr\u00e9sentatives du personnel<\/li><li>L&#8217;entreprise doit garantir les donn\u00e9es personnelles du salari\u00e9<\/li><li>L&#8217;entreprise doit communiquer \u00e0 l&#8217;inspection du travail le r\u00e8glement int\u00e9rieur qui doit en approuver la conformit\u00e9<\/li><\/ul><p>Nous vous recommandons de r\u00e9diger une charte que encadre l&#8217;utilisation de votre R\u00e9seau Social d&#8217;Entreprise.<\/p><p>\u00a0<\/p><p><strong>DigitOuest vous accompagne dans votre choix et forme vos collaborateurs\u00a0<\/strong><strong>pour une prise en main rapide et efficiente.<\/strong><\/p>\t\t\t\t\t\t\t\t<\/div>\n\t\t\t\t<\/div>\n\t\t\t\t\t<\/div>\n\t\t<\/div>\n\t\t\t\t\t<\/div>\n\t\t<\/section>\n\t\t\t\t<section class=\"elementor-section elementor-top-section elementor-element elementor-element-87ef990 elementor-section-boxed elementor-section-height-default elementor-section-height-default\" data-id=\"87ef990\" data-element_type=\"section\" data-e-type=\"section\">\n\t\t\t\t\t\t<div class=\"elementor-container elementor-column-gap-default\">\n\t\t\t\t\t<div class=\"elementor-column elementor-col-100 elementor-top-column elementor-element elementor-element-d8f3d46\" data-id=\"d8f3d46\" data-element_type=\"column\" data-e-type=\"column\">\n\t\t\t<div class=\"elementor-widget-wrap elementor-element-populated\">\n\t\t\t\t\t\t<div class=\"elementor-element elementor-element-859e7fb elementor-button-info elementor-align-center elementor-widget elementor-widget-button\" data-id=\"859e7fb\" data-element_type=\"widget\" data-e-type=\"widget\" data-widget_type=\"button.default\">\n\t\t\t\t<div class=\"elementor-widget-container\">\n\t\t\t\t\t\t\t\t\t<div class=\"elementor-button-wrapper\">\n\t\t\t\t\t<a class=\"elementor-button elementor-button-link elementor-size-sm\" href=\"https:\/\/digitouest.fr\/?page_id=257(ouvre%20un%20nouvel%20onglet)\">\n\t\t\t\t\t\t<span class=\"elementor-button-content-wrapper\">\n\t\t\t\t\t\t\t\t\t<span class=\"elementor-button-text\">Contactez-nous<\/span>\n\t\t\t\t\t<\/span>\n\t\t\t\t\t<\/a>\n\t\t\t\t<\/div>\n\t\t\t\t\t\t\t\t<\/div>\n\t\t\t\t<\/div>\n\t\t\t\t\t<\/div>\n\t\t<\/div>\n\t\t\t\t\t<\/div>\n\t\t<\/section>\n\t\t\t\t<\/div>\n\t\t","protected":false},"excerpt":{"rendered":"<p>R\u00e9seau Social d&#8217;Entreprise Le R\u00e9seau Social d&#8217;Entreprise ou RSE se d\u00e9mocratise au sein des ETI, il fait son apparition au sein des PME\/TPE qui s&#8217;inscrivent dans la d\u00e9marche de la transformation num\u00e9rique. Qu&#8217;est-ce qu&#8217;un R\u00e9seau Social d&#8217;Entreprise ? Un R\u00e9seau Social d&#8217;Entreprise est un syst\u00e8me de communication, un lieu d&#8217;\u00e9change interne accessible avant tout aux [&hellip;]<\/p>\n","protected":false},"author":1,"featured_media":0,"parent":0,"menu_order":0,"comment_status":"closed","ping_status":"closed","template":"","meta":{"ngg_post_thumbnail":0,"footnotes":""},"class_list":["post-521","page","type-page","status-publish","hentry"],"_links":{"self":[{"href":"https:\/\/digitouest.fr\/index.php?rest_route=\/wp\/v2\/pages\/521","targetHints":{"allow":["GET"]}}],"collection":[{"href":"https:\/\/digitouest.fr\/index.php?rest_route=\/wp\/v2\/pages"}],"about":[{"href":"https:\/\/digitouest.fr\/index.php?rest_route=\/wp\/v2\/types\/page"}],"author":[{"embeddable":true,"href":"https:\/\/digitouest.fr\/index.php?rest_route=\/wp\/v2\/users\/1"}],"replies":[{"embeddable":true,"href":"https:\/\/digitouest.fr\/index.php?rest_route=%2Fwp%2Fv2%2Fcomments&post=521"}],"version-history":[{"count":23,"href":"https:\/\/digitouest.fr\/index.php?rest_route=\/wp\/v2\/pages\/521\/revisions"}],"predecessor-version":[{"id":548,"href":"https:\/\/digitouest.fr\/index.php?rest_route=\/wp\/v2\/pages\/521\/revisions\/548"}],"wp:attachment":[{"href":"https:\/\/digitouest.fr\/index.php?rest_route=%2Fwp%2Fv2%2Fmedia&parent=521"}],"curies":[{"name":"wp","href":"https:\/\/api.w.org\/{rel}","templated":true}]}}